{"id":168,"date":"2020-12-16T09:52:16","date_gmt":"2020-12-16T08:52:16","guid":{"rendered":"https:\/\/landhauscafe.com\/?page_id=168"},"modified":"2024-10-15T13:22:28","modified_gmt":"2024-10-15T11:22:28","slug":"kontakt","status":"publish","type":"page","link":"https:\/\/landhauscafe.com\/en\/kontakt\/","title":{"rendered":"Contact"},"content":{"rendered":"\t\t<div data-elementor-type=\"wp-page\" data-elementor-id=\"168\" class=\"elementor elementor-168\" data-elementor-post-type=\"page\">\n\t\t\t\t\t\t<section class=\"elementor-section elementor-top-section elementor-element elementor-element-7cc4430d elementor-section-height-full elementor-section-items-stretch elementor-section-full_width elementor-section-height-default\" data-id=\"7cc4430d\" data-element_type=\"section\" data-e-type=\"section\" data-settings=\"{&quot;background_background&quot;:&quot;classic&quot;}\">\n\t\t\t\t\t\t<div class=\"elementor-container elementor-column-gap-default\">\n\t\t\t\t\t<div class=\"elementor-column elementor-col-100 elementor-top-column elementor-element elementor-element-6d75fc8c\" data-id=\"6d75fc8c\" data-element_type=\"column\" data-e-type=\"column\" data-settings=\"{&quot;background_background&quot;:&quot;classic&quot;}\">\n\t\t\t<div class=\"elementor-widget-wrap elementor-element-populated\">\n\t\t\t\t\t\t<div class=\"elementor-element elementor-element-26cea5a2 elementor-hidden-tablet elementor-hidden-phone elementor-widget elementor-widget-heading\" data-id=\"26cea5a2\" data-element_type=\"widget\" data-e-type=\"widget\" data-widget_type=\"heading.default\">\n\t\t\t\t<div class=\"elementor-widget-container\">\n\t\t\t\t\t<h1 class=\"elementor-heading-title elementor-size-default\">Kontakt &amp; Lage<\/h1>\t\t\t\t<\/div>\n\t\t\t\t<\/div>\n\t\t\t\t\t<\/div>\n\t\t<\/div>\n\t\t\t\t\t<\/div>\n\t\t<\/section>\n\t\t\t\t<section class=\"elementor-section elementor-top-section elementor-element elementor-element-7517f3c8 elementor-section-full_width elementor-section-height-default elementor-section-height-default\" data-id=\"7517f3c8\" data-element_type=\"section\" data-e-type=\"section\">\n\t\t\t\t\t\t<div class=\"elementor-container elementor-column-gap-default\">\n\t\t\t\t\t<div class=\"elementor-column elementor-col-100 elementor-top-column elementor-element elementor-element-35393512\" data-id=\"35393512\" data-element_type=\"column\" data-e-type=\"column\">\n\t\t\t<div class=\"elementor-widget-wrap elementor-element-populated\">\n\t\t\t\t\t\t<div class=\"elementor-element elementor-element-74d0b98c elementor-align-center elementor-widget elementor-widget-breadcrumbs\" data-id=\"74d0b98c\" data-element_type=\"widget\" data-e-type=\"widget\" data-widget_type=\"breadcrumbs.default\">\n\t\t\t\t<div class=\"elementor-widget-container\">\n\t\t\t\t\t<p id=\"breadcrumbs\"><span><span><a href=\"https:\/\/landhauscafe.com\/\">Startseite<\/a><\/span><\/span><\/p>\t\t\t\t<\/div>\n\t\t\t\t<\/div>\n\t\t\t\t\t<\/div>\n\t\t<\/div>\n\t\t\t\t\t<\/div>\n\t\t<\/section>\n\t\t\t\t<section class=\"elementor-section elementor-top-section elementor-element elementor-element-642fd7b1 elementor-section-height-min-height elementor-section-items-stretch elementor-section-full_width elementor-section-height-default\" data-id=\"642fd7b1\" data-element_type=\"section\" data-e-type=\"section\" data-settings=\"{&quot;background_background&quot;:&quot;classic&quot;}\">\n\t\t\t\t\t\t<div class=\"elementor-container elementor-column-gap-default\">\n\t\t\t\t\t<div class=\"elementor-column elementor-col-100 elementor-top-column elementor-element elementor-element-77e6b70f\" data-id=\"77e6b70f\" data-element_type=\"column\" data-e-type=\"column\" data-settings=\"{&quot;background_background&quot;:&quot;classic&quot;}\">\n\t\t\t<div class=\"elementor-widget-wrap elementor-element-populated\">\n\t\t\t\t\t\t<section class=\"elementor-section elementor-inner-section elementor-element elementor-element-246a64ca elementor-section-boxed elementor-section-height-default elementor-section-height-default\" data-id=\"246a64ca\" data-element_type=\"section\" data-e-type=\"section\">\n\t\t\t\t\t\t<div class=\"elementor-container elementor-column-gap-default\">\n\t\t\t\t\t<div class=\"elementor-column elementor-col-33 elementor-inner-column elementor-element elementor-element-3b972bab\" data-id=\"3b972bab\" data-element_type=\"column\" data-e-type=\"column\">\n\t\t\t<div class=\"elementor-widget-wrap elementor-element-populated\">\n\t\t\t\t\t\t<div class=\"elementor-element elementor-element-11cd3af5 elementor-widget elementor-widget-heading\" data-id=\"11cd3af5\" data-element_type=\"widget\" data-e-type=\"widget\" data-widget_type=\"heading.default\">\n\t\t\t\t<div class=\"elementor-widget-container\">\n\t\t\t\t\t<p class=\"elementor-heading-title elementor-size-default\">Adresse<\/p>\t\t\t\t<\/div>\n\t\t\t\t<\/div>\n\t\t\t\t<div class=\"elementor-element elementor-element-7cd47fbb elementor-widget elementor-widget-text-editor\" data-id=\"7cd47fbb\" data-element_type=\"widget\" data-e-type=\"widget\" data-widget_type=\"text-editor.default\">\n\t\t\t\t<div class=\"elementor-widget-container\">\n\t\t\t\t\t\t\t\t\t<p>Sauerlacher Stra\u00dfe 10<br \/>82515 Wolfratshausen<\/p>\t\t\t\t\t\t\t\t<\/div>\n\t\t\t\t<\/div>\n\t\t\t\t\t<\/div>\n\t\t<\/div>\n\t\t\t\t<div class=\"elementor-column elementor-col-33 elementor-inner-column elementor-element elementor-element-4452084f\" data-id=\"4452084f\" data-element_type=\"column\" data-e-type=\"column\">\n\t\t\t<div class=\"elementor-widget-wrap elementor-element-populated\">\n\t\t\t\t\t\t<div class=\"elementor-element elementor-element-4de2cd0b elementor-widget elementor-widget-heading\" data-id=\"4de2cd0b\" data-element_type=\"widget\" data-e-type=\"widget\" data-widget_type=\"heading.default\">\n\t\t\t\t<div class=\"elementor-widget-container\">\n\t\t\t\t\t<p class=\"elementor-heading-title elementor-size-default\">\u00d6ffnungszeiten<\/p>\t\t\t\t<\/div>\n\t\t\t\t<\/div>\n\t\t\t\t<div class=\"elementor-element elementor-element-4f708f9 elementor-widget elementor-widget-text-editor\" data-id=\"4f708f9\" data-element_type=\"widget\" data-e-type=\"widget\" data-widget_type=\"text-editor.default\">\n\t\t\t\t<div class=\"elementor-widget-container\">\n\t\t\t\t\t\t\t\t\t<p>T\u00e4glich von<br \/>08:00 &#8211; 22:00 Uhr<\/p>\t\t\t\t\t\t\t\t<\/div>\n\t\t\t\t<\/div>\n\t\t\t\t\t<\/div>\n\t\t<\/div>\n\t\t\t\t<div class=\"elementor-column elementor-col-33 elementor-inner-column elementor-element elementor-element-38a3ad34\" data-id=\"38a3ad34\" data-element_type=\"column\" data-e-type=\"column\">\n\t\t\t<div class=\"elementor-widget-wrap elementor-element-populated\">\n\t\t\t\t\t\t<div class=\"elementor-element elementor-element-7235bbbb elementor-widget elementor-widget-heading\" data-id=\"7235bbbb\" data-element_type=\"widget\" data-e-type=\"widget\" data-widget_type=\"heading.default\">\n\t\t\t\t<div class=\"elementor-widget-container\">\n\t\t\t\t\t<p class=\"elementor-heading-title elementor-size-default\">Kontakt<\/p>\t\t\t\t<\/div>\n\t\t\t\t<\/div>\n\t\t\t\t<div class=\"elementor-element elementor-element-27db3527 elementor-widget elementor-widget-text-editor\" data-id=\"27db3527\" data-element_type=\"widget\" data-e-type=\"widget\" data-widget_type=\"text-editor.default\">\n\t\t\t\t<div class=\"elementor-widget-container\">\n\t\t\t\t\t\t\t\t\t<p>Telefon: <a href=\"tel:+498171216570\">08171 21 65 70<\/a><br \/>E-Mail: <a href=\"mailto:info@landhauscafe.com\">info@landhauscafe.com<\/a><\/p>\t\t\t\t\t\t\t\t<\/div>\n\t\t\t\t<\/div>\n\t\t\t\t\t<\/div>\n\t\t<\/div>\n\t\t\t\t\t<\/div>\n\t\t<\/section>\n\t\t\t\t\t<\/div>\n\t\t<\/div>\n\t\t\t\t\t<\/div>\n\t\t<\/section>\n\t\t\t\t<section class=\"elementor-section elementor-top-section elementor-element elementor-element-1e7e2e4c elementor-section-height-min-height elementor-section-items-stretch elementor-section-boxed elementor-section-height-default\" data-id=\"1e7e2e4c\" data-element_type=\"section\" data-e-type=\"section\" data-settings=\"{&quot;background_background&quot;:&quot;classic&quot;,&quot;motion_fx_motion_fx_scrolling&quot;:&quot;yes&quot;,&quot;motion_fx_translateY_effect&quot;:&quot;yes&quot;,&quot;motion_fx_translateY_speed&quot;:{&quot;unit&quot;:&quot;px&quot;,&quot;size&quot;:&quot;1.5&quot;,&quot;sizes&quot;:[]},&quot;motion_fx_translateY_affectedRange&quot;:{&quot;unit&quot;:&quot;%&quot;,&quot;size&quot;:&quot;&quot;,&quot;sizes&quot;:{&quot;start&quot;:0,&quot;end&quot;:100}},&quot;motion_fx_devices&quot;:[&quot;desktop&quot;,&quot;tablet&quot;,&quot;mobile&quot;]}\">\n\t\t\t\t\t\t<div class=\"elementor-container elementor-column-gap-default\">\n\t\t\t\t\t<div class=\"elementor-column elementor-col-50 elementor-top-column elementor-element elementor-element-3f9593f\" data-id=\"3f9593f\" data-element_type=\"column\" data-e-type=\"column\" data-settings=\"{&quot;background_background&quot;:&quot;classic&quot;}\">\n\t\t\t<div class=\"elementor-widget-wrap elementor-element-populated\">\n\t\t\t\t\t\t<div class=\"elementor-element elementor-element-65495c34 elementor-widget elementor-widget-image\" data-id=\"65495c34\" data-element_type=\"widget\" data-e-type=\"widget\" data-widget_type=\"image.default\">\n\t\t\t\t<div class=\"elementor-widget-container\">\n\t\t\t\t\t\t\t\t\t\t\t\t\t\t\t<img decoding=\"async\" src=\"https:\/\/landhauscafe.com\/wp-content\/uploads\/elementor\/thumbs\/alexandra-steiner-landhaus-1-1-p6nqzz6i4rvqb4oky1bwg0taiugea4im61nhg5hdi8.jpg\" title=\"alexandra-steiner-landhaus-1.jpg\" alt=\"alexandra-steiner-landhaus-1.jpg\" loading=\"lazy\" \/>\t\t\t\t\t\t\t\t\t\t\t\t\t\t\t<\/div>\n\t\t\t\t<\/div>\n\t\t\t\t\t<\/div>\n\t\t<\/div>\n\t\t\t\t<div class=\"elementor-column elementor-col-50 elementor-top-column elementor-element elementor-element-564c600b\" data-id=\"564c600b\" data-element_type=\"column\" data-e-type=\"column\" data-settings=\"{&quot;background_background&quot;:&quot;classic&quot;}\">\n\t\t\t<div class=\"elementor-widget-wrap elementor-element-populated\">\n\t\t\t\t\t\t<div class=\"elementor-element elementor-element-655ee5ef elementor-widget elementor-widget-heading\" data-id=\"655ee5ef\" data-element_type=\"widget\" data-e-type=\"widget\" data-widget_type=\"heading.default\">\n\t\t\t\t<div class=\"elementor-widget-container\">\n\t\t\t\t\t<p class=\"elementor-heading-title elementor-size-default\">Sie haben eine Frage? <br>\nSchreiben Sie uns gerne eine Nachricht.<\/p>\t\t\t\t<\/div>\n\t\t\t\t<\/div>\n\t\t\t\t<div class=\"elementor-element elementor-element-781df710 elementor-button-align-end elementor-widget elementor-widget-form\" data-id=\"781df710\" data-element_type=\"widget\" data-e-type=\"widget\" data-settings=\"{&quot;step_next_label&quot;:&quot;Next&quot;,&quot;step_previous_label&quot;:&quot;Previous&quot;,&quot;button_width&quot;:&quot;100&quot;,&quot;step_type&quot;:&quot;number_text&quot;,&quot;step_icon_shape&quot;:&quot;circle&quot;}\" data-widget_type=\"form.default\">\n\t\t\t\t<div class=\"elementor-widget-container\">\n\t\t\t\t\t\t\t<form class=\"elementor-form\" method=\"post\" name=\"Kontaktformular\" aria-label=\"Kontaktformular\">\n\t\t\t<input type=\"hidden\" name=\"post_id\" value=\"168\"\/>\n\t\t\t<input type=\"hidden\" name=\"form_id\" value=\"781df710\"\/>\n\t\t\t<input type=\"hidden\" name=\"referer_title\" value=\"Kontakt | Landhaus Caf\u00e9 und Restaurant Wolfratshausen\" \/>\n\n\t\t\t\t\t\t\t<input type=\"hidden\" name=\"queried_id\" value=\"168\"\/>\n\t\t\t\n\t\t\t<div class=\"elementor-form-fields-wrapper elementor-labels-\">\n\t\t\t\t\t\t\t\t<div class=\"elementor-field-type-text elementor-field-group elementor-column elementor-field-group-name elementor-col-50 elementor-field-required\">\n\t\t\t\t\t\t\t\t\t\t\t\t<label for=\"form-field-name\" class=\"elementor-field-label elementor-screen-only\">\n\t\t\t\t\t\t\t\tVorname\t\t\t\t\t\t\t<\/label>\n\t\t\t\t\t\t\t\t\t\t\t\t\t\t<input size=\"1\" type=\"text\" name=\"form_fields[name]\" id=\"form-field-name\" class=\"elementor-field elementor-size-lg  elementor-field-textual\" placeholder=\"Vorname\" required=\"required\">\n\t\t\t\t\t\t\t\t\t\t\t<\/div>\n\t\t\t\t\t\t\t\t<div class=\"elementor-field-type-text elementor-field-group elementor-column elementor-field-group-field_2 elementor-col-50 elementor-field-required\">\n\t\t\t\t\t\t\t\t\t\t\t\t<label for=\"form-field-field_2\" class=\"elementor-field-label elementor-screen-only\">\n\t\t\t\t\t\t\t\tNachname\t\t\t\t\t\t\t<\/label>\n\t\t\t\t\t\t\t\t\t\t\t\t\t\t<input size=\"1\" type=\"text\" name=\"form_fields[field_2]\" id=\"form-field-field_2\" class=\"elementor-field elementor-size-lg  elementor-field-textual\" placeholder=\"Nachname\" required=\"required\">\n\t\t\t\t\t\t\t\t\t\t\t<\/div>\n\t\t\t\t\t\t\t\t<div class=\"elementor-field-type-tel elementor-field-group elementor-column elementor-field-group-field_1 elementor-col-50 elementor-field-required\">\n\t\t\t\t\t\t\t\t\t\t\t\t<label for=\"form-field-field_1\" class=\"elementor-field-label elementor-screen-only\">\n\t\t\t\t\t\t\t\tTelefonnummer\t\t\t\t\t\t\t<\/label>\n\t\t\t\t\t\t\t\t<input size=\"1\" type=\"tel\" name=\"form_fields[field_1]\" id=\"form-field-field_1\" class=\"elementor-field elementor-size-lg  elementor-field-textual\" placeholder=\"Telefonnummer\" required=\"required\" pattern=\"[0-9()#&amp;+*-=.]+\" title=\"Nur Nummern oder Telefon-Zeichen (#, -, *, etc) werden akzeptiert.\">\n\n\t\t\t\t\t\t<\/div>\n\t\t\t\t\t\t\t\t<div class=\"elementor-field-type-email elementor-field-group elementor-column elementor-field-group-field_3 elementor-col-50\">\n\t\t\t\t\t\t\t\t\t\t\t\t<label for=\"form-field-field_3\" class=\"elementor-field-label elementor-screen-only\">\n\t\t\t\t\t\t\t\tE-Mail Adresse\t\t\t\t\t\t\t<\/label>\n\t\t\t\t\t\t\t\t\t\t\t\t\t\t<input size=\"1\" type=\"email\" name=\"form_fields[field_3]\" id=\"form-field-field_3\" class=\"elementor-field elementor-size-lg  elementor-field-textual\" placeholder=\"E-Mail Adresse\">\n\t\t\t\t\t\t\t\t\t\t\t<\/div>\n\t\t\t\t\t\t\t\t<div class=\"elementor-field-type-text elementor-field-group elementor-column elementor-field-group-field_e8214f1 elementor-col-100\">\n\t\t\t\t\t\t\t\t\t\t\t\t<label for=\"form-field-field_e8214f1\" class=\"elementor-field-label elementor-screen-only\">\n\t\t\t\t\t\t\t\tNachricht\t\t\t\t\t\t\t<\/label>\n\t\t\t\t\t\t\t\t\t\t\t\t\t\t<input size=\"1\" type=\"text\" name=\"form_fields[field_e8214f1]\" id=\"form-field-field_e8214f1\" class=\"elementor-field elementor-size-lg  elementor-field-textual\" placeholder=\"Ihre Nachricht\">\n\t\t\t\t\t\t\t\t\t\t\t<\/div>\n\t\t\t\t\t\t\t\t<div class=\"elementor-field-type-acceptance elementor-field-group elementor-column elementor-field-group-field_ae5c73d elementor-col-100 elementor-field-required\">\n\t\t\t\t\t\t\t\t\t\t\t\t<label for=\"form-field-field_ae5c73d\" class=\"elementor-field-label elementor-screen-only\">\n\t\t\t\t\t\t\t\tDatenschutz\t\t\t\t\t\t\t<\/label>\n\t\t\t\t\t\t\t\t<div class=\"elementor-field-subgroup\">\n\t\t\t<span class=\"elementor-field-option\">\n\t\t\t\t<input type=\"checkbox\" name=\"form_fields[field_ae5c73d]\" id=\"form-field-field_ae5c73d\" class=\"elementor-field elementor-size-lg  elementor-acceptance-field\" required=\"required\">\n\t\t\t\t<label for=\"form-field-field_ae5c73d\">Hiermit best\u00e4tige ich, dass ich mit den Datenschutzbestimmungen einverstanden bin.<\/label>\t\t\t<\/span>\n\t\t<\/div>\n\t\t\t\t\t\t<\/div>\n\t\t\t\t\t\t\t\t<div class=\"elementor-field-group elementor-column elementor-field-type-submit elementor-col-100 e-form__buttons\">\n\t\t\t\t\t<button class=\"elementor-button elementor-size-md elementor-animation-grow\" type=\"submit\">\n\t\t\t\t\t\t<span class=\"elementor-button-content-wrapper\">\n\t\t\t\t\t\t\t\t\t\t\t\t\t\t\t<span class=\"elementor-button-icon\">\n\t\t\t\t\t\t\t\t\t<i aria-hidden=\"true\" class=\"fas fa-caret-right\"><\/i>\t\t\t\t\t\t\t\t\t\t\t\t\t\t\t\t\t<\/span>\n\t\t\t\t\t\t\t\t\t\t\t\t\t\t\t\t\t\t\t\t\t\t<span class=\"elementor-button-text\">Senden<\/span>\n\t\t\t\t\t\t\t\t\t\t\t\t\t<\/span>\n\t\t\t\t\t<\/button>\n\t\t\t\t<\/div>\n\t\t\t<\/div>\n\t\t<\/form>\n\t\t\t\t\t\t<\/div>\n\t\t\t\t<\/div>\n\t\t\t\t\t<\/div>\n\t\t<\/div>\n\t\t\t\t\t<\/div>\n\t\t<\/section>\n\t\t\t\t<section class=\"elementor-section elementor-top-section elementor-element elementor-element-5849f381 elementor-section-full_width elementor-section-height-default elementor-section-height-default\" data-id=\"5849f381\" data-element_type=\"section\" data-e-type=\"section\">\n\t\t\t\t\t\t<div class=\"elementor-container elementor-column-gap-no\">\n\t\t\t\t\t<div class=\"elementor-column elementor-col-100 elementor-top-column elementor-element elementor-element-754f1cdc\" data-id=\"754f1cdc\" data-element_type=\"column\" data-e-type=\"column\">\n\t\t\t<div class=\"elementor-widget-wrap elementor-element-populated\">\n\t\t\t\t\t\t<div class=\"elementor-element elementor-element-7bcd3c4c elementor-widget elementor-widget-google_maps\" data-id=\"7bcd3c4c\" data-element_type=\"widget\" data-e-type=\"widget\" data-widget_type=\"google_maps.default\">\n\t\t\t\t<div class=\"elementor-widget-container\">\n\t\t\t\t\t\t\t<div class=\"elementor-custom-embed\">\n\t\t\t<iframe loading=\"lazy\"\n\t\t\t\t\tsrc=\"https:\/\/maps.google.com\/maps?q=Sauerlacher%20Stra%C3%9Fe%2010%2C%2082515%20Wolfratshausen&#038;t=m&#038;z=14&#038;output=embed&#038;iwloc=near\"\n\t\t\t\t\ttitle=\"Sauerlacher Stra\u00dfe 10, 82515 Wolfratshausen\"\n\t\t\t\t\taria-label=\"Sauerlacher Stra\u00dfe 10, 82515 Wolfratshausen\"\n\t\t\t><\/iframe>\n\t\t<\/div>\n\t\t\t\t\t\t<\/div>\n\t\t\t\t<\/div>\n\t\t\t\t\t<\/div>\n\t\t<\/div>\n\t\t\t\t\t<\/div>\n\t\t<\/section>\n\t\t\t\t<\/div>\n\t\t","protected":false},"excerpt":{"rendered":"<p>Kontakt &amp; Lage Adresse Sauerlacher Stra\u00dfe 1082515 Wolfratshausen \u00d6ffnungszeiten T\u00e4glich von08:00 &#8211; 22:00 Uhr Kontakt Telefon: 08171 21 65 70E-Mail: info@landhauscafe.com Sie haben eine Frage? Schreiben Sie uns gerne eine Nachricht.<\/p>","protected":false},"author":1,"featured_media":0,"parent":0,"menu_order":0,"comment_status":"closed","ping_status":"closed","template":"elementor_header_footer","meta":{"footnotes":""},"class_list":["post-168","page","type-page","status-publish","hentry"],"yoast_head":"<!-- This site is optimized with the Yoast SEO plugin v27.5 - https:\/\/yoast.com\/product\/yoast-seo-wordpress\/ -->\n<title>Kontakt | Landhaus Caf\u00e9 und Restaurant Wolfratshausen<\/title>\n<meta name=\"robots\" content=\"index, follow, max-snippet:-1, max-image-preview:large, max-video-preview:-1\" \/>\n<link rel=\"canonical\" href=\"https:\/\/landhauscafe.com\/en\/kontakt\/\" \/>\n<meta property=\"og:locale\" content=\"en_US\" \/>\n<meta property=\"og:type\" content=\"article\" \/>\n<meta property=\"og:title\" content=\"Kontakt | Landhaus Caf\u00e9 und Restaurant Wolfratshausen\" \/>\n<meta property=\"og:description\" content=\"Kontakt &amp; Lage Adresse Sauerlacher Stra\u00dfe 1082515 Wolfratshausen \u00d6ffnungszeiten T\u00e4glich von08:00 &#8211; 22:00 Uhr Kontakt Telefon: 08171 21 65 70E-Mail: info@landhauscafe.com Sie haben eine Frage? Schreiben Sie uns gerne eine Nachricht.\" \/>\n<meta property=\"og:url\" content=\"https:\/\/landhauscafe.com\/en\/kontakt\/\" \/>\n<meta property=\"og:site_name\" content=\"Landhaus Caf\u00e9 und Restaurant\" \/>\n<meta property=\"article:modified_time\" content=\"2024-10-15T11:22:28+00:00\" \/>\n<meta property=\"og:image\" content=\"https:\/\/landhauscafe.com\/wp-content\/uploads\/elementor\/thumbs\/alexandra-steiner-landhaus-1-1-p6nqzz6i4rvqb4oky1bwg0taiugea4im61nhg5hdi8.jpg\" \/>\n<meta name=\"twitter:card\" content=\"summary_large_image\" \/>\n<meta name=\"twitter:label1\" content=\"Est. reading time\" \/>\n\t<meta name=\"twitter:data1\" content=\"1 minute\" \/>\n<script type=\"application\/ld+json\" class=\"yoast-schema-graph\">{\"@context\":\"https:\\\/\\\/schema.org\",\"@graph\":[{\"@type\":\"WebPage\",\"@id\":\"https:\\\/\\\/landhauscafe.com\\\/kontakt\\\/\",\"url\":\"https:\\\/\\\/landhauscafe.com\\\/kontakt\\\/\",\"name\":\"Kontakt | Landhaus Caf\u00e9 und Restaurant Wolfratshausen\",\"isPartOf\":{\"@id\":\"https:\\\/\\\/landhauscafe.com\\\/#website\"},\"primaryImageOfPage\":{\"@id\":\"https:\\\/\\\/landhauscafe.com\\\/kontakt\\\/#primaryimage\"},\"image\":{\"@id\":\"https:\\\/\\\/landhauscafe.com\\\/kontakt\\\/#primaryimage\"},\"thumbnailUrl\":\"https:\\\/\\\/landhauscafe.com\\\/wp-content\\\/uploads\\\/elementor\\\/thumbs\\\/alexandra-steiner-landhaus-1-1-p6nqzz6i4rvqb4oky1bwg0taiugea4im61nhg5hdi8.jpg\",\"datePublished\":\"2020-12-16T08:52:16+00:00\",\"dateModified\":\"2024-10-15T11:22:28+00:00\",\"breadcrumb\":{\"@id\":\"https:\\\/\\\/landhauscafe.com\\\/kontakt\\\/#breadcrumb\"},\"inLanguage\":\"en-US\",\"potentialAction\":[{\"@type\":\"ReadAction\",\"target\":[\"https:\\\/\\\/landhauscafe.com\\\/kontakt\\\/\"]}]},{\"@type\":\"ImageObject\",\"inLanguage\":\"en-US\",\"@id\":\"https:\\\/\\\/landhauscafe.com\\\/kontakt\\\/#primaryimage\",\"url\":\"https:\\\/\\\/landhauscafe.com\\\/wp-content\\\/uploads\\\/elementor\\\/thumbs\\\/alexandra-steiner-landhaus-1-1-p6nqzz6i4rvqb4oky1bwg0taiugea4im61nhg5hdi8.jpg\",\"contentUrl\":\"https:\\\/\\\/landhauscafe.com\\\/wp-content\\\/uploads\\\/elementor\\\/thumbs\\\/alexandra-steiner-landhaus-1-1-p6nqzz6i4rvqb4oky1bwg0taiugea4im61nhg5hdi8.jpg\"},{\"@type\":\"BreadcrumbList\",\"@id\":\"https:\\\/\\\/landhauscafe.com\\\/kontakt\\\/#breadcrumb\",\"itemListElement\":[{\"@type\":\"ListItem\",\"position\":1,\"name\":\"Startseite\",\"item\":\"https:\\\/\\\/landhauscafe.com\\\/\"},{\"@type\":\"ListItem\",\"position\":2,\"name\":\"Kontakt\"}]},{\"@type\":\"WebSite\",\"@id\":\"https:\\\/\\\/landhauscafe.com\\\/#website\",\"url\":\"https:\\\/\\\/landhauscafe.com\\\/\",\"name\":\"Landhaus Caf\u00e9 und Restaurant\",\"description\":\"Caf\u00e9 und Restaurant in Wolfratshausen\",\"publisher\":{\"@id\":\"https:\\\/\\\/landhauscafe.com\\\/#organization\"},\"potentialAction\":[{\"@type\":\"SearchAction\",\"target\":{\"@type\":\"EntryPoint\",\"urlTemplate\":\"https:\\\/\\\/landhauscafe.com\\\/?s={search_term_string}\"},\"query-input\":{\"@type\":\"PropertyValueSpecification\",\"valueRequired\":true,\"valueName\":\"search_term_string\"}}],\"inLanguage\":\"en-US\"},{\"@type\":\"Organization\",\"@id\":\"https:\\\/\\\/landhauscafe.com\\\/#organization\",\"name\":\"Landhaus Caf\u00e9 und Restaurant\",\"url\":\"https:\\\/\\\/landhauscafe.com\\\/\",\"logo\":{\"@type\":\"ImageObject\",\"inLanguage\":\"en-US\",\"@id\":\"https:\\\/\\\/landhauscafe.com\\\/#\\\/schema\\\/logo\\\/image\\\/\",\"url\":\"https:\\\/\\\/landhauscafe.com\\\/wp-content\\\/uploads\\\/unlimited_elements\\\/landhaus-logo.png\",\"contentUrl\":\"https:\\\/\\\/landhauscafe.com\\\/wp-content\\\/uploads\\\/unlimited_elements\\\/landhaus-logo.png\",\"width\":260,\"height\":100,\"caption\":\"Landhaus Caf\u00e9 und Restaurant\"},\"image\":{\"@id\":\"https:\\\/\\\/landhauscafe.com\\\/#\\\/schema\\\/logo\\\/image\\\/\"}}]}<\/script>\n<!-- \/ Yoast SEO plugin. -->","yoast_head_json":{"title":"Kontakt | Landhaus Caf\u00e9 und Restaurant Wolfratshausen","robots":{"index":"index","follow":"follow","max-snippet":"max-snippet:-1","max-image-preview":"max-image-preview:large","max-video-preview":"max-video-preview:-1"},"canonical":"https:\/\/landhauscafe.com\/en\/kontakt\/","og_locale":"en_US","og_type":"article","og_title":"Kontakt | Landhaus Caf\u00e9 und Restaurant Wolfratshausen","og_description":"Kontakt &amp; Lage Adresse Sauerlacher Stra\u00dfe 1082515 Wolfratshausen \u00d6ffnungszeiten T\u00e4glich von08:00 &#8211; 22:00 Uhr Kontakt Telefon: 08171 21 65 70E-Mail: info@landhauscafe.com Sie haben eine Frage? Schreiben Sie uns gerne eine Nachricht.","og_url":"https:\/\/landhauscafe.com\/en\/kontakt\/","og_site_name":"Landhaus Caf\u00e9 und Restaurant","article_modified_time":"2024-10-15T11:22:28+00:00","og_image":[{"url":"https:\/\/landhauscafe.com\/wp-content\/uploads\/elementor\/thumbs\/alexandra-steiner-landhaus-1-1-p6nqzz6i4rvqb4oky1bwg0taiugea4im61nhg5hdi8.jpg","type":"","width":"","height":""}],"twitter_card":"summary_large_image","twitter_misc":{"Est. reading time":"1 minute"},"schema":{"@context":"https:\/\/schema.org","@graph":[{"@type":"WebPage","@id":"https:\/\/landhauscafe.com\/kontakt\/","url":"https:\/\/landhauscafe.com\/kontakt\/","name":"Kontakt | Landhaus Caf\u00e9 und Restaurant Wolfratshausen","isPartOf":{"@id":"https:\/\/landhauscafe.com\/#website"},"primaryImageOfPage":{"@id":"https:\/\/landhauscafe.com\/kontakt\/#primaryimage"},"image":{"@id":"https:\/\/landhauscafe.com\/kontakt\/#primaryimage"},"thumbnailUrl":"https:\/\/landhauscafe.com\/wp-content\/uploads\/elementor\/thumbs\/alexandra-steiner-landhaus-1-1-p6nqzz6i4rvqb4oky1bwg0taiugea4im61nhg5hdi8.jpg","datePublished":"2020-12-16T08:52:16+00:00","dateModified":"2024-10-15T11:22:28+00:00","breadcrumb":{"@id":"https:\/\/landhauscafe.com\/kontakt\/#breadcrumb"},"inLanguage":"en-US","potentialAction":[{"@type":"ReadAction","target":["https:\/\/landhauscafe.com\/kontakt\/"]}]},{"@type":"ImageObject","inLanguage":"en-US","@id":"https:\/\/landhauscafe.com\/kontakt\/#primaryimage","url":"https:\/\/landhauscafe.com\/wp-content\/uploads\/elementor\/thumbs\/alexandra-steiner-landhaus-1-1-p6nqzz6i4rvqb4oky1bwg0taiugea4im61nhg5hdi8.jpg","contentUrl":"https:\/\/landhauscafe.com\/wp-content\/uploads\/elementor\/thumbs\/alexandra-steiner-landhaus-1-1-p6nqzz6i4rvqb4oky1bwg0taiugea4im61nhg5hdi8.jpg"},{"@type":"BreadcrumbList","@id":"https:\/\/landhauscafe.com\/kontakt\/#breadcrumb","itemListElement":[{"@type":"ListItem","position":1,"name":"Startseite","item":"https:\/\/landhauscafe.com\/"},{"@type":"ListItem","position":2,"name":"Kontakt"}]},{"@type":"WebSite","@id":"https:\/\/landhauscafe.com\/#website","url":"https:\/\/landhauscafe.com\/","name":"Landhaus Caf\u00e9 und Restaurant","description":"Caf\u00e9 und Restaurant in Wolfratshausen","publisher":{"@id":"https:\/\/landhauscafe.com\/#organization"},"potentialAction":[{"@type":"SearchAction","target":{"@type":"EntryPoint","urlTemplate":"https:\/\/landhauscafe.com\/?s={search_term_string}"},"query-input":{"@type":"PropertyValueSpecification","valueRequired":true,"valueName":"search_term_string"}}],"inLanguage":"en-US"},{"@type":"Organization","@id":"https:\/\/landhauscafe.com\/#organization","name":"Landhaus Caf\u00e9 und Restaurant","url":"https:\/\/landhauscafe.com\/","logo":{"@type":"ImageObject","inLanguage":"en-US","@id":"https:\/\/landhauscafe.com\/#\/schema\/logo\/image\/","url":"https:\/\/landhauscafe.com\/wp-content\/uploads\/unlimited_elements\/landhaus-logo.png","contentUrl":"https:\/\/landhauscafe.com\/wp-content\/uploads\/unlimited_elements\/landhaus-logo.png","width":260,"height":100,"caption":"Landhaus Caf\u00e9 und Restaurant"},"image":{"@id":"https:\/\/landhauscafe.com\/#\/schema\/logo\/image\/"}}]}},"_links":{"self":[{"href":"https:\/\/landhauscafe.com\/en\/wp-json\/wp\/v2\/pages\/168","targetHints":{"allow":["GET"]}}],"collection":[{"href":"https:\/\/landhauscafe.com\/en\/wp-json\/wp\/v2\/pages"}],"about":[{"href":"https:\/\/landhauscafe.com\/en\/wp-json\/wp\/v2\/types\/page"}],"author":[{"embeddable":true,"href":"https:\/\/landhauscafe.com\/en\/wp-json\/wp\/v2\/users\/1"}],"replies":[{"embeddable":true,"href":"https:\/\/landhauscafe.com\/en\/wp-json\/wp\/v2\/comments?post=168"}],"version-history":[{"count":16,"href":"https:\/\/landhauscafe.com\/en\/wp-json\/wp\/v2\/pages\/168\/revisions"}],"predecessor-version":[{"id":2515,"href":"https:\/\/landhauscafe.com\/en\/wp-json\/wp\/v2\/pages\/168\/revisions\/2515"}],"wp:attachment":[{"href":"https:\/\/landhauscafe.com\/en\/wp-json\/wp\/v2\/media?parent=168"}],"curies":[{"name":"wp","href":"https:\/\/api.w.org\/{rel}","templated":true}]}}