{"id":174,"date":"2020-12-16T09:53:16","date_gmt":"2020-12-16T08:53:16","guid":{"rendered":"https:\/\/landhauscafe.com\/?page_id=174"},"modified":"2025-09-11T12:23:20","modified_gmt":"2025-09-11T10:23:20","slug":"impressum","status":"publish","type":"page","link":"https:\/\/landhauscafe.com\/en\/impressum\/","title":{"rendered":"Imprint"},"content":{"rendered":"<div data-elementor-type=\"wp-page\" data-elementor-id=\"174\" class=\"elementor elementor-174\" data-elementor-post-type=\"page\">\n\t\t\t\t\t\t<section class=\"elementor-section elementor-top-section elementor-element elementor-element-71c14c7c elementor-section-boxed elementor-section-height-default elementor-section-height-default\" data-id=\"71c14c7c\" data-element_type=\"section\" data-e-type=\"section\" data-settings=\"{&quot;background_background&quot;:&quot;classic&quot;}\">\n\t\t\t\t\t\t\t<div class=\"elementor-background-overlay\"><\/div>\n\t\t\t\t\t\t\t<div class=\"elementor-container elementor-column-gap-default\">\n\t\t\t\t\t<div class=\"elementor-column elementor-col-100 elementor-top-column elementor-element elementor-element-5cf8da4b\" data-id=\"5cf8da4b\" data-element_type=\"column\" data-e-type=\"column\">\n\t\t\t<div class=\"elementor-widget-wrap elementor-element-populated\">\n\t\t\t\t\t\t<div class=\"elementor-element elementor-element-3170fe09 elementor-widget elementor-widget-heading\" data-id=\"3170fe09\" data-element_type=\"widget\" data-e-type=\"widget\" data-widget_type=\"heading.default\">\n\t\t\t\t<div class=\"elementor-widget-container\">\n\t\t\t\t\t<h1 class=\"elementor-heading-title elementor-size-default\">Imprint<\/h1>\t\t\t\t<\/div>\n\t\t\t\t<\/div>\n\t\t\t\t<div class=\"elementor-element elementor-element-7a4d1778 datenschutz elementor-widget elementor-widget-text-editor\" data-id=\"7a4d1778\" data-element_type=\"widget\" data-e-type=\"widget\" data-widget_type=\"text-editor.default\">\n\t\t\t\t<div class=\"elementor-widget-container\">\n\t\t\t\t\t\t\t\t\t<p class=\"p1\"><span class=\"s1\"><b>Angaben gem\u00e4\u00df \u00a7 5 TMG:<\/b><\/span><br \/>Landhaus Caf\u00e9, Restaurant &amp; Hotel Betriebsgesellschaft mbH<br \/>Sauerlacher Str. 10<br \/>82515 Wolfratshausen<\/p><p class=\"p1\"><span class=\"s1\"><b>Contact<\/b><\/span><br \/>Tel: 0 81 71 \/ 21 65 70<br \/>Fax: 0 81 71 \/ 21 65 78<br \/>E-Mail: info@landhauscafe.com<\/p><p class=\"p1\"><span class=\"s1\"><b>Umsatzsteuer-ID:<br \/><\/b><\/span>Umsatzsteuer-Identifikationsnummer gem\u00e4\u00df \u00a727 a Umsatzsteuergesetz:<br \/>DE366015619<\/p><p class=\"p3\"><b>Verantwortlich f\u00fcr den Inhalt nach \u00a7 55 Abs. 2 RStV:<\/b><span class=\"s2\"><br \/>Alexandra Steiner<\/span><\/p><p class=\"p3\"><b>Quelle: Impressumgenerator des Anwaltes S\u00f6ren Siebert<\/b><\/p><p class=\"p1\"><span class=\"s1\"><b>Hinweis auf EU-Streitschlichtung<br \/><\/b><\/span>Wir sind nicht bereit und nicht verpflichtet an einem Streitbeilegungsverfahren vor einer Verbraucherschlichtungsstelle teilzunehmen.<\/p><p class=\"p3\"><b>Haftungsausschluss:<\/b><\/p><p class=\"p1\"><span class=\"s1\"><b>Haftung f\u00fcr Inhalte<\/b><\/span><br \/>Die Inhalte unserer Seiten wurden mit gr\u00f6\u00dfter Sorgfalt erstellt. F\u00fcr die Richtigkeit, Vollst\u00e4ndigkeit und Aktualit\u00e4t der Inhalte k\u00f6nnen wir jedoch keine Gew\u00e4hr \u00fcbernehmen. Als Diensteanbieter sind wir gem\u00e4\u00df \u00a7 7 Abs.1 TMG f\u00fcr eigene Inhalte auf diesen Seiten nach den allgemeinen Gesetzen verantwortlich. Nach \u00a7\u00a7 8 bis 10 TMG sind wir als Diensteanbieter jedoch nicht verpflichtet, \u00fcbermittelte oder gespeicherte fremde Informationen zu \u00fcberwachen oder nach Umst\u00e4nden zu forschen, die auf eine rechtswidrige T\u00e4tigkeit hinweisen. Verpflichtungen zur Entfernung oder Sperrung der Nutzung von Informationen nach den allgemeinen Gesetzen bleiben hiervon unber\u00fchrt. Eine diesbez\u00fcgliche Haftung ist jedoch erst ab dem Zeitpunkt der Kenntnis einer konkreten Rechtsverletzung m\u00f6glich. Bei Bekanntwerden von entsprechenden Rechtsverletzungen werden wir diese Inhalte umgehend entfernen.<\/p><p class=\"p1\"><span class=\"s1\"><b>Haftung f\u00fcr Links<\/b><\/span><br \/>Unser Angebot enth\u00e4lt Links zu externen Webseiten Dritter, auf deren Inhalte wir keinen Einfluss haben. Deshalb k\u00f6nnen wir f\u00fcr diese fremden Inhalte auch keine Gew\u00e4hr \u00fcbernehmen. F\u00fcr die Inhalte der verlinkten Seiten ist stets der jeweilige Anbieter oder Betreiber der Seiten verantwortlich. Die verlinkten Seiten wurden zum Zeitpunkt der Verlinkung auf m\u00f6gliche Rechtsverst\u00f6\u00dfe \u00fcberpr\u00fcft. Rechtswidrige Inhalte waren zum Zeitpunkt der Verlinkung nicht erkennbar. Eine permanente inhaltliche Kontrolle der verlinkten Seiten ist jedoch ohne konkrete Anhaltspunkte einer Rechtsverletzung nicht zumutbar. Bei Bekanntwerden von Rechtsverletzungen werden wir derartige Links umgehend entfernen.<\/p><p class=\"p1\"><span class=\"s1\"><b>Urheberrecht<\/b><\/span><br \/>Die durch die Seitenbetreiber erstellten Inhalte und Werke auf diesen Seiten unterliegen dem deutschen Urheberrecht. Die Vervielf\u00e4ltigung, Bearbeitung, Verbreitung und jede Art der Verwertung au\u00dferhalb der Grenzen des Urheberrechtes bed\u00fcrfen der schriftlichen Zustimmung des jeweiligen Autors bzw. Erstellers. Downloads und Kopien dieser Seite sind nur f\u00fcr den privaten, nicht kommerziellen Gebrauch gestattet. Soweit die Inhalte auf dieser Seite nicht vom Betreiber erstellt wurden, werden die Urheberrechte Dritter beachtet. Insbesondere werden Inhalte Dritter als solche gekennzeichnet. Sollten Sie trotzdem auf eine Urheberrechtsverletzung aufmerksam werden, bitten wir um einen entsprechenden Hinweis. Bei Bekanntwerden von Rechtsverletzungen werden wir derartige Inhalte umgehend entfernen.<\/p><p class=\"p1\">Quellverweis: Disclaimer von eRecht24, dem Portal zum Internetrecht von Rechtsanwalt S\u00f6ren Siebert<\/p><p>Umsetzung der Webseite von <a href=\"https:\/\/smartbusinessweb.de\/\">https:\/\/smartbusinessweb.de\/<\/a><\/p>\t\t\t\t\t\t\t\t<\/div>\n\t\t\t\t<\/div>\n\t\t\t\t\t<\/div>\n\t\t<\/div>\n\t\t\t\t\t<\/div>\n\t\t<\/section>\n\t\t\t\t<\/div>","protected":false},"excerpt":{"rendered":"<p>Impressum Angaben gem\u00e4\u00df \u00a7 5 TMG:Landhaus Caf\u00e9, Restaurant &amp; Hotel Betriebsgesellschaft mbHSauerlacher Str. 1082515 Wolfratshausen KontaktTel: 0 81 71 \/ 21 65 70Fax: 0 81 71 \/ 21 65 78E-Mail: info@landhauscafe.com Umsatzsteuer-ID:Umsatzsteuer-Identifikationsnummer gem\u00e4\u00df \u00a727 a Umsatzsteuergesetz:DE366015619 Verantwortlich f\u00fcr den Inhalt nach \u00a7 55 Abs. 2 RStV:Alexandra Steiner Quelle: Impressumgenerator des Anwaltes S\u00f6ren Siebert Hinweis auf [&hellip;]<\/p>\n","protected":false},"author":1,"featured_media":0,"parent":0,"menu_order":0,"comment_status":"closed","ping_status":"closed","template":"elementor_header_footer","meta":{"footnotes":""},"class_list":["post-174","page","type-page","status-publish","hentry"],"yoast_head":"<!-- This site is optimized with the Yoast SEO plugin v27.5 - https:\/\/yoast.com\/product\/yoast-seo-wordpress\/ -->\n<title>Impressum | Landhaus Caf\u00e9 und Restaurant Wolfratshausen<\/title>\n<meta name=\"robots\" content=\"index, follow, max-snippet:-1, max-image-preview:large, max-video-preview:-1\" \/>\n<link rel=\"canonical\" href=\"https:\/\/landhauscafe.com\/en\/impressum\/\" \/>\n<meta property=\"og:locale\" content=\"en_US\" \/>\n<meta property=\"og:type\" content=\"article\" \/>\n<meta property=\"og:title\" content=\"Impressum | Landhaus Caf\u00e9 und Restaurant Wolfratshausen\" \/>\n<meta property=\"og:description\" content=\"Impressum Angaben gem\u00e4\u00df \u00a7 5 TMG:Landhaus Caf\u00e9, Restaurant &amp; Hotel Betriebsgesellschaft mbHSauerlacher Str. 1082515 Wolfratshausen KontaktTel: 0 81 71 \/ 21 65 70Fax: 0 81 71 \/ 21 65 78E-Mail: info@landhauscafe.com Umsatzsteuer-ID:Umsatzsteuer-Identifikationsnummer gem\u00e4\u00df \u00a727 a Umsatzsteuergesetz:DE366015619 Verantwortlich f\u00fcr den Inhalt nach \u00a7 55 Abs. 2 RStV:Alexandra Steiner Quelle: Impressumgenerator des Anwaltes S\u00f6ren Siebert Hinweis auf [&hellip;]\" \/>\n<meta property=\"og:url\" content=\"https:\/\/landhauscafe.com\/en\/impressum\/\" \/>\n<meta property=\"og:site_name\" content=\"Landhaus Caf\u00e9 und Restaurant\" \/>\n<meta property=\"article:modified_time\" content=\"2025-09-11T10:23:20+00:00\" \/>\n<meta name=\"twitter:card\" content=\"summary_large_image\" \/>\n<meta name=\"twitter:label1\" content=\"Est. reading time\" \/>\n\t<meta name=\"twitter:data1\" content=\"3 minutes\" \/>\n<script type=\"application\/ld+json\" class=\"yoast-schema-graph\">{\"@context\":\"https:\\\/\\\/schema.org\",\"@graph\":[{\"@type\":\"WebPage\",\"@id\":\"https:\\\/\\\/landhauscafe.com\\\/impressum\\\/\",\"url\":\"https:\\\/\\\/landhauscafe.com\\\/impressum\\\/\",\"name\":\"Impressum | Landhaus Caf\u00e9 und Restaurant Wolfratshausen\",\"isPartOf\":{\"@id\":\"https:\\\/\\\/landhauscafe.com\\\/#website\"},\"datePublished\":\"2020-12-16T08:53:16+00:00\",\"dateModified\":\"2025-09-11T10:23:20+00:00\",\"breadcrumb\":{\"@id\":\"https:\\\/\\\/landhauscafe.com\\\/impressum\\\/#breadcrumb\"},\"inLanguage\":\"en-US\",\"potentialAction\":[{\"@type\":\"ReadAction\",\"target\":[\"https:\\\/\\\/landhauscafe.com\\\/impressum\\\/\"]}]},{\"@type\":\"BreadcrumbList\",\"@id\":\"https:\\\/\\\/landhauscafe.com\\\/impressum\\\/#breadcrumb\",\"itemListElement\":[{\"@type\":\"ListItem\",\"position\":1,\"name\":\"Startseite\",\"item\":\"https:\\\/\\\/landhauscafe.com\\\/\"},{\"@type\":\"ListItem\",\"position\":2,\"name\":\"Impressum\"}]},{\"@type\":\"WebSite\",\"@id\":\"https:\\\/\\\/landhauscafe.com\\\/#website\",\"url\":\"https:\\\/\\\/landhauscafe.com\\\/\",\"name\":\"Landhaus Caf\u00e9 und Restaurant\",\"description\":\"Caf\u00e9 und Restaurant in Wolfratshausen\",\"publisher\":{\"@id\":\"https:\\\/\\\/landhauscafe.com\\\/#organization\"},\"potentialAction\":[{\"@type\":\"SearchAction\",\"target\":{\"@type\":\"EntryPoint\",\"urlTemplate\":\"https:\\\/\\\/landhauscafe.com\\\/?s={search_term_string}\"},\"query-input\":{\"@type\":\"PropertyValueSpecification\",\"valueRequired\":true,\"valueName\":\"search_term_string\"}}],\"inLanguage\":\"en-US\"},{\"@type\":\"Organization\",\"@id\":\"https:\\\/\\\/landhauscafe.com\\\/#organization\",\"name\":\"Landhaus Caf\u00e9 und Restaurant\",\"url\":\"https:\\\/\\\/landhauscafe.com\\\/\",\"logo\":{\"@type\":\"ImageObject\",\"inLanguage\":\"en-US\",\"@id\":\"https:\\\/\\\/landhauscafe.com\\\/#\\\/schema\\\/logo\\\/image\\\/\",\"url\":\"https:\\\/\\\/landhauscafe.com\\\/wp-content\\\/uploads\\\/unlimited_elements\\\/landhaus-logo.png\",\"contentUrl\":\"https:\\\/\\\/landhauscafe.com\\\/wp-content\\\/uploads\\\/unlimited_elements\\\/landhaus-logo.png\",\"width\":260,\"height\":100,\"caption\":\"Landhaus Caf\u00e9 und Restaurant\"},\"image\":{\"@id\":\"https:\\\/\\\/landhauscafe.com\\\/#\\\/schema\\\/logo\\\/image\\\/\"}}]}<\/script>\n<!-- \/ Yoast SEO plugin. -->","yoast_head_json":{"title":"Impressum | Landhaus Caf\u00e9 und Restaurant Wolfratshausen","robots":{"index":"index","follow":"follow","max-snippet":"max-snippet:-1","max-image-preview":"max-image-preview:large","max-video-preview":"max-video-preview:-1"},"canonical":"https:\/\/landhauscafe.com\/en\/impressum\/","og_locale":"en_US","og_type":"article","og_title":"Impressum | Landhaus Caf\u00e9 und Restaurant Wolfratshausen","og_description":"Impressum Angaben gem\u00e4\u00df \u00a7 5 TMG:Landhaus Caf\u00e9, Restaurant &amp; Hotel Betriebsgesellschaft mbHSauerlacher Str. 1082515 Wolfratshausen KontaktTel: 0 81 71 \/ 21 65 70Fax: 0 81 71 \/ 21 65 78E-Mail: info@landhauscafe.com Umsatzsteuer-ID:Umsatzsteuer-Identifikationsnummer gem\u00e4\u00df \u00a727 a Umsatzsteuergesetz:DE366015619 Verantwortlich f\u00fcr den Inhalt nach \u00a7 55 Abs. 2 RStV:Alexandra Steiner Quelle: Impressumgenerator des Anwaltes S\u00f6ren Siebert Hinweis auf [&hellip;]","og_url":"https:\/\/landhauscafe.com\/en\/impressum\/","og_site_name":"Landhaus Caf\u00e9 und Restaurant","article_modified_time":"2025-09-11T10:23:20+00:00","twitter_card":"summary_large_image","twitter_misc":{"Est. reading time":"3 minutes"},"schema":{"@context":"https:\/\/schema.org","@graph":[{"@type":"WebPage","@id":"https:\/\/landhauscafe.com\/impressum\/","url":"https:\/\/landhauscafe.com\/impressum\/","name":"Impressum | Landhaus Caf\u00e9 und Restaurant Wolfratshausen","isPartOf":{"@id":"https:\/\/landhauscafe.com\/#website"},"datePublished":"2020-12-16T08:53:16+00:00","dateModified":"2025-09-11T10:23:20+00:00","breadcrumb":{"@id":"https:\/\/landhauscafe.com\/impressum\/#breadcrumb"},"inLanguage":"en-US","potentialAction":[{"@type":"ReadAction","target":["https:\/\/landhauscafe.com\/impressum\/"]}]},{"@type":"BreadcrumbList","@id":"https:\/\/landhauscafe.com\/impressum\/#breadcrumb","itemListElement":[{"@type":"ListItem","position":1,"name":"Startseite","item":"https:\/\/landhauscafe.com\/"},{"@type":"ListItem","position":2,"name":"Impressum"}]},{"@type":"WebSite","@id":"https:\/\/landhauscafe.com\/#website","url":"https:\/\/landhauscafe.com\/","name":"Landhaus Caf\u00e9 und Restaurant","description":"Caf\u00e9 und Restaurant in Wolfratshausen","publisher":{"@id":"https:\/\/landhauscafe.com\/#organization"},"potentialAction":[{"@type":"SearchAction","target":{"@type":"EntryPoint","urlTemplate":"https:\/\/landhauscafe.com\/?s={search_term_string}"},"query-input":{"@type":"PropertyValueSpecification","valueRequired":true,"valueName":"search_term_string"}}],"inLanguage":"en-US"},{"@type":"Organization","@id":"https:\/\/landhauscafe.com\/#organization","name":"Landhaus Caf\u00e9 und Restaurant","url":"https:\/\/landhauscafe.com\/","logo":{"@type":"ImageObject","inLanguage":"en-US","@id":"https:\/\/landhauscafe.com\/#\/schema\/logo\/image\/","url":"https:\/\/landhauscafe.com\/wp-content\/uploads\/unlimited_elements\/landhaus-logo.png","contentUrl":"https:\/\/landhauscafe.com\/wp-content\/uploads\/unlimited_elements\/landhaus-logo.png","width":260,"height":100,"caption":"Landhaus Caf\u00e9 und Restaurant"},"image":{"@id":"https:\/\/landhauscafe.com\/#\/schema\/logo\/image\/"}}]}},"_links":{"self":[{"href":"https:\/\/landhauscafe.com\/en\/wp-json\/wp\/v2\/pages\/174","targetHints":{"allow":["GET"]}}],"collection":[{"href":"https:\/\/landhauscafe.com\/en\/wp-json\/wp\/v2\/pages"}],"about":[{"href":"https:\/\/landhauscafe.com\/en\/wp-json\/wp\/v2\/types\/page"}],"author":[{"embeddable":true,"href":"https:\/\/landhauscafe.com\/en\/wp-json\/wp\/v2\/users\/1"}],"replies":[{"embeddable":true,"href":"https:\/\/landhauscafe.com\/en\/wp-json\/wp\/v2\/comments?post=174"}],"version-history":[{"count":19,"href":"https:\/\/landhauscafe.com\/en\/wp-json\/wp\/v2\/pages\/174\/revisions"}],"predecessor-version":[{"id":2804,"href":"https:\/\/landhauscafe.com\/en\/wp-json\/wp\/v2\/pages\/174\/revisions\/2804"}],"wp:attachment":[{"href":"https:\/\/landhauscafe.com\/en\/wp-json\/wp\/v2\/media?parent=174"}],"curies":[{"name":"wp","href":"https:\/\/api.w.org\/{rel}","templated":true}]}}