{"id":2866,"date":"2025-11-26T20:54:10","date_gmt":"2025-11-26T19:54:10","guid":{"rendered":"https:\/\/landhauscafe.com\/?page_id=2866"},"modified":"2025-12-05T12:49:50","modified_gmt":"2025-12-05T11:49:50","slug":"gutscheine","status":"publish","type":"page","link":"https:\/\/landhauscafe.com\/en\/gutscheine\/","title":{"rendered":"Gutscheine"},"content":{"rendered":"<div data-elementor-type=\"wp-page\" data-elementor-id=\"2866\" class=\"elementor elementor-2866\" data-elementor-post-type=\"page\">\n\t\t\t\t\t\t<section class=\"elementor-section elementor-top-section elementor-element elementor-element-71c14c7c elementor-section-boxed elementor-section-height-default elementor-section-height-default\" data-id=\"71c14c7c\" data-element_type=\"section\" data-e-type=\"section\" data-settings=\"{&quot;background_background&quot;:&quot;classic&quot;}\">\n\t\t\t\t\t\t\t<div class=\"elementor-background-overlay\"><\/div>\n\t\t\t\t\t\t\t<div class=\"elementor-container elementor-column-gap-default\">\n\t\t\t\t\t<div class=\"elementor-column elementor-col-100 elementor-top-column elementor-element elementor-element-5cf8da4b\" data-id=\"5cf8da4b\" data-element_type=\"column\" data-e-type=\"column\">\n\t\t\t<div class=\"elementor-widget-wrap elementor-element-populated\">\n\t\t\t\t\t\t<div class=\"elementor-element elementor-element-3170fe09 elementor-widget elementor-widget-heading\" data-id=\"3170fe09\" data-element_type=\"widget\" data-e-type=\"widget\" data-widget_type=\"heading.default\">\n\t\t\t\t<div class=\"elementor-widget-container\">\n\t\t\t\t\t<h1 class=\"elementor-heading-title elementor-size-default\">Gutscheine online kaufen<\/h1>\t\t\t\t<\/div>\n\t\t\t\t<\/div>\n\t\t\t\t<div class=\"elementor-element elementor-element-9f92111 elementor-widget elementor-widget-html\" data-id=\"9f92111\" data-element_type=\"widget\" data-e-type=\"widget\" data-widget_type=\"html.default\">\n\t\t\t\t<div class=\"elementor-widget-container\">\n\t\t\t\t\t<script type=\"text\/javascript\" src=\"https:\/\/services.gastronovi.com\/restaurants\/33457\/scripts\/reservation\/entry\/voucher\" async><\/script>\t\t\t\t<\/div>\n\t\t\t\t<\/div>\n\t\t\t\t<div class=\"elementor-element elementor-element-8062fa2 elementor-widget elementor-widget-text-editor\" data-id=\"8062fa2\" data-element_type=\"widget\" data-e-type=\"widget\" data-widget_type=\"text-editor.default\">\n\t\t\t\t<div class=\"elementor-widget-container\">\n\t\t\t\t\t\t\t\t\t<p class=\"p1\">Unsere Gutscheine k\u00f6nnen Sie entweder direkt im Caf\u00e9 kaufen oder bequem online. Die online Gutscheine werden Ihnen im Anschluss per E-Mail zugesendet. Die Gutscheine k\u00f6nnen nur im Caf\u00e9 und im Restaurant eingel\u00f6st werden.<\/p><p class=\"p1\">Bitte beachten Sie, dass unsere Gutscheine nicht bar ausbezahlt werden k\u00f6nnen und sind 3 Jahre ab Kaufdatum g\u00fcltig.<\/p>\n<p class=\"p1\">Unser Tipp: Machen Sie anderen eine Freude und verschenken Sie einen Gutschein an Freunde und Familie oder auch Kunden, Mitarbeiter und Gesch\u00e4ftspartner.<\/p>\t\t\t\t\t\t\t\t<\/div>\n\t\t\t\t<\/div>\n\t\t\t\t\t<\/div>\n\t\t<\/div>\n\t\t\t\t\t<\/div>\n\t\t<\/section>\n\t\t\t\t<\/div>","protected":false},"excerpt":{"rendered":"<p>Gutscheine online kaufen Unsere Gutscheine k\u00f6nnen Sie entweder direkt im Caf\u00e9 kaufen oder bequem online. Die online Gutscheine werden Ihnen im Anschluss per E-Mail zugesendet. Die Gutscheine k\u00f6nnen nur im Caf\u00e9 und im Restaurant eingel\u00f6st werden. Bitte beachten Sie, dass unsere Gutscheine nicht bar ausbezahlt werden k\u00f6nnen und sind 3 Jahre ab Kaufdatum g\u00fcltig. Unser [&hellip;]<\/p>\n","protected":false},"author":1,"featured_media":0,"parent":0,"menu_order":0,"comment_status":"closed","ping_status":"closed","template":"elementor_header_footer","meta":{"footnotes":""},"class_list":["post-2866","page","type-page","status-publish","hentry"],"yoast_head":"<!-- This site is optimized with the Yoast SEO plugin v27.4 - https:\/\/yoast.com\/product\/yoast-seo-wordpress\/ -->\n<title>Gutscheine | Landhaus Caf\u00e9 und Restaurant Wolfratshausen<\/title>\n<meta name=\"robots\" content=\"index, follow, max-snippet:-1, max-image-preview:large, max-video-preview:-1\" \/>\n<link rel=\"canonical\" href=\"https:\/\/landhauscafe.com\/en\/gutscheine\/\" \/>\n<meta property=\"og:locale\" content=\"en_US\" \/>\n<meta property=\"og:type\" content=\"article\" \/>\n<meta property=\"og:title\" content=\"Gutscheine | Landhaus Caf\u00e9 und Restaurant Wolfratshausen\" \/>\n<meta property=\"og:description\" content=\"Gutscheine online kaufen Unsere Gutscheine k\u00f6nnen Sie entweder direkt im Caf\u00e9 kaufen oder bequem online. Die online Gutscheine werden Ihnen im Anschluss per E-Mail zugesendet. Die Gutscheine k\u00f6nnen nur im Caf\u00e9 und im Restaurant eingel\u00f6st werden. Bitte beachten Sie, dass unsere Gutscheine nicht bar ausbezahlt werden k\u00f6nnen und sind 3 Jahre ab Kaufdatum g\u00fcltig. Unser [&hellip;]\" \/>\n<meta property=\"og:url\" content=\"https:\/\/landhauscafe.com\/en\/gutscheine\/\" \/>\n<meta property=\"og:site_name\" content=\"Landhaus Caf\u00e9 und Restaurant\" \/>\n<meta property=\"article:modified_time\" content=\"2025-12-05T11:49:50+00:00\" \/>\n<meta name=\"twitter:card\" content=\"summary_large_image\" \/>\n<meta name=\"twitter:label1\" content=\"Est. reading time\" \/>\n\t<meta name=\"twitter:data1\" content=\"1 minute\" \/>\n<script type=\"application\/ld+json\" class=\"yoast-schema-graph\">{\"@context\":\"https:\\\/\\\/schema.org\",\"@graph\":[{\"@type\":\"WebPage\",\"@id\":\"https:\\\/\\\/landhauscafe.com\\\/gutscheine\\\/\",\"url\":\"https:\\\/\\\/landhauscafe.com\\\/gutscheine\\\/\",\"name\":\"Gutscheine | Landhaus Caf\u00e9 und Restaurant Wolfratshausen\",\"isPartOf\":{\"@id\":\"https:\\\/\\\/landhauscafe.com\\\/#website\"},\"datePublished\":\"2025-11-26T19:54:10+00:00\",\"dateModified\":\"2025-12-05T11:49:50+00:00\",\"breadcrumb\":{\"@id\":\"https:\\\/\\\/landhauscafe.com\\\/gutscheine\\\/#breadcrumb\"},\"inLanguage\":\"en-US\",\"potentialAction\":[{\"@type\":\"ReadAction\",\"target\":[\"https:\\\/\\\/landhauscafe.com\\\/gutscheine\\\/\"]}]},{\"@type\":\"BreadcrumbList\",\"@id\":\"https:\\\/\\\/landhauscafe.com\\\/gutscheine\\\/#breadcrumb\",\"itemListElement\":[{\"@type\":\"ListItem\",\"position\":1,\"name\":\"Startseite\",\"item\":\"https:\\\/\\\/landhauscafe.com\\\/\"},{\"@type\":\"ListItem\",\"position\":2,\"name\":\"Gutscheine\"}]},{\"@type\":\"WebSite\",\"@id\":\"https:\\\/\\\/landhauscafe.com\\\/#website\",\"url\":\"https:\\\/\\\/landhauscafe.com\\\/\",\"name\":\"Landhaus Caf\u00e9 und Restaurant\",\"description\":\"Caf\u00e9 und Restaurant in Wolfratshausen\",\"publisher\":{\"@id\":\"https:\\\/\\\/landhauscafe.com\\\/#organization\"},\"potentialAction\":[{\"@type\":\"SearchAction\",\"target\":{\"@type\":\"EntryPoint\",\"urlTemplate\":\"https:\\\/\\\/landhauscafe.com\\\/?s={search_term_string}\"},\"query-input\":{\"@type\":\"PropertyValueSpecification\",\"valueRequired\":true,\"valueName\":\"search_term_string\"}}],\"inLanguage\":\"en-US\"},{\"@type\":\"Organization\",\"@id\":\"https:\\\/\\\/landhauscafe.com\\\/#organization\",\"name\":\"Landhaus Caf\u00e9 und Restaurant\",\"url\":\"https:\\\/\\\/landhauscafe.com\\\/\",\"logo\":{\"@type\":\"ImageObject\",\"inLanguage\":\"en-US\",\"@id\":\"https:\\\/\\\/landhauscafe.com\\\/#\\\/schema\\\/logo\\\/image\\\/\",\"url\":\"https:\\\/\\\/landhauscafe.com\\\/wp-content\\\/uploads\\\/unlimited_elements\\\/landhaus-logo.png\",\"contentUrl\":\"https:\\\/\\\/landhauscafe.com\\\/wp-content\\\/uploads\\\/unlimited_elements\\\/landhaus-logo.png\",\"width\":260,\"height\":100,\"caption\":\"Landhaus Caf\u00e9 und Restaurant\"},\"image\":{\"@id\":\"https:\\\/\\\/landhauscafe.com\\\/#\\\/schema\\\/logo\\\/image\\\/\"}}]}<\/script>\n<!-- \/ Yoast SEO plugin. -->","yoast_head_json":{"title":"Gutscheine | Landhaus Caf\u00e9 und Restaurant Wolfratshausen","robots":{"index":"index","follow":"follow","max-snippet":"max-snippet:-1","max-image-preview":"max-image-preview:large","max-video-preview":"max-video-preview:-1"},"canonical":"https:\/\/landhauscafe.com\/en\/gutscheine\/","og_locale":"en_US","og_type":"article","og_title":"Gutscheine | Landhaus Caf\u00e9 und Restaurant Wolfratshausen","og_description":"Gutscheine online kaufen Unsere Gutscheine k\u00f6nnen Sie entweder direkt im Caf\u00e9 kaufen oder bequem online. Die online Gutscheine werden Ihnen im Anschluss per E-Mail zugesendet. Die Gutscheine k\u00f6nnen nur im Caf\u00e9 und im Restaurant eingel\u00f6st werden. Bitte beachten Sie, dass unsere Gutscheine nicht bar ausbezahlt werden k\u00f6nnen und sind 3 Jahre ab Kaufdatum g\u00fcltig. Unser [&hellip;]","og_url":"https:\/\/landhauscafe.com\/en\/gutscheine\/","og_site_name":"Landhaus Caf\u00e9 und Restaurant","article_modified_time":"2025-12-05T11:49:50+00:00","twitter_card":"summary_large_image","twitter_misc":{"Est. reading time":"1 minute"},"schema":{"@context":"https:\/\/schema.org","@graph":[{"@type":"WebPage","@id":"https:\/\/landhauscafe.com\/gutscheine\/","url":"https:\/\/landhauscafe.com\/gutscheine\/","name":"Gutscheine | Landhaus Caf\u00e9 und Restaurant Wolfratshausen","isPartOf":{"@id":"https:\/\/landhauscafe.com\/#website"},"datePublished":"2025-11-26T19:54:10+00:00","dateModified":"2025-12-05T11:49:50+00:00","breadcrumb":{"@id":"https:\/\/landhauscafe.com\/gutscheine\/#breadcrumb"},"inLanguage":"en-US","potentialAction":[{"@type":"ReadAction","target":["https:\/\/landhauscafe.com\/gutscheine\/"]}]},{"@type":"BreadcrumbList","@id":"https:\/\/landhauscafe.com\/gutscheine\/#breadcrumb","itemListElement":[{"@type":"ListItem","position":1,"name":"Startseite","item":"https:\/\/landhauscafe.com\/"},{"@type":"ListItem","position":2,"name":"Gutscheine"}]},{"@type":"WebSite","@id":"https:\/\/landhauscafe.com\/#website","url":"https:\/\/landhauscafe.com\/","name":"Landhaus Caf\u00e9 und Restaurant","description":"Caf\u00e9 und Restaurant in Wolfratshausen","publisher":{"@id":"https:\/\/landhauscafe.com\/#organization"},"potentialAction":[{"@type":"SearchAction","target":{"@type":"EntryPoint","urlTemplate":"https:\/\/landhauscafe.com\/?s={search_term_string}"},"query-input":{"@type":"PropertyValueSpecification","valueRequired":true,"valueName":"search_term_string"}}],"inLanguage":"en-US"},{"@type":"Organization","@id":"https:\/\/landhauscafe.com\/#organization","name":"Landhaus Caf\u00e9 und Restaurant","url":"https:\/\/landhauscafe.com\/","logo":{"@type":"ImageObject","inLanguage":"en-US","@id":"https:\/\/landhauscafe.com\/#\/schema\/logo\/image\/","url":"https:\/\/landhauscafe.com\/wp-content\/uploads\/unlimited_elements\/landhaus-logo.png","contentUrl":"https:\/\/landhauscafe.com\/wp-content\/uploads\/unlimited_elements\/landhaus-logo.png","width":260,"height":100,"caption":"Landhaus Caf\u00e9 und Restaurant"},"image":{"@id":"https:\/\/landhauscafe.com\/#\/schema\/logo\/image\/"}}]}},"_links":{"self":[{"href":"https:\/\/landhauscafe.com\/en\/wp-json\/wp\/v2\/pages\/2866","targetHints":{"allow":["GET"]}}],"collection":[{"href":"https:\/\/landhauscafe.com\/en\/wp-json\/wp\/v2\/pages"}],"about":[{"href":"https:\/\/landhauscafe.com\/en\/wp-json\/wp\/v2\/types\/page"}],"author":[{"embeddable":true,"href":"https:\/\/landhauscafe.com\/en\/wp-json\/wp\/v2\/users\/1"}],"replies":[{"embeddable":true,"href":"https:\/\/landhauscafe.com\/en\/wp-json\/wp\/v2\/comments?post=2866"}],"version-history":[{"count":16,"href":"https:\/\/landhauscafe.com\/en\/wp-json\/wp\/v2\/pages\/2866\/revisions"}],"predecessor-version":[{"id":2900,"href":"https:\/\/landhauscafe.com\/en\/wp-json\/wp\/v2\/pages\/2866\/revisions\/2900"}],"wp:attachment":[{"href":"https:\/\/landhauscafe.com\/en\/wp-json\/wp\/v2\/media?parent=2866"}],"curies":[{"name":"wp","href":"https:\/\/api.w.org\/{rel}","templated":true}]}}