{"id":2877,"date":"2025-11-27T16:26:07","date_gmt":"2025-11-27T15:26:07","guid":{"rendered":"https:\/\/landhauscafe.com\/?page_id=2877"},"modified":"2025-11-27T16:27:28","modified_gmt":"2025-11-27T15:27:28","slug":"barrierefreiheitserklaerung","status":"publish","type":"page","link":"https:\/\/landhauscafe.com\/en\/barrierefreiheitserklaerung\/","title":{"rendered":"Barrierefreiheitserkl\u00e4rung"},"content":{"rendered":"<div data-elementor-type=\"wp-page\" data-elementor-id=\"2877\" class=\"elementor elementor-2877\" data-elementor-post-type=\"page\">\n\t\t\t\t\t\t<section class=\"elementor-section elementor-top-section elementor-element elementor-element-692f848d elementor-section-boxed elementor-section-height-default elementor-section-height-default\" data-id=\"692f848d\" data-element_type=\"section\" data-e-type=\"section\" data-settings=\"{&quot;background_background&quot;:&quot;classic&quot;}\">\n\t\t\t\t\t\t\t<div class=\"elementor-background-overlay\"><\/div>\n\t\t\t\t\t\t\t<div class=\"elementor-container elementor-column-gap-default\">\n\t\t\t\t\t<div class=\"elementor-column elementor-col-100 elementor-top-column elementor-element elementor-element-283de1af\" data-id=\"283de1af\" data-element_type=\"column\" data-e-type=\"column\">\n\t\t\t<div class=\"elementor-widget-wrap elementor-element-populated\">\n\t\t\t\t\t\t<div class=\"elementor-element elementor-element-65dad68a elementor-widget elementor-widget-heading\" data-id=\"65dad68a\" data-element_type=\"widget\" data-e-type=\"widget\" data-widget_type=\"heading.default\">\n\t\t\t\t<div class=\"elementor-widget-container\">\n\t\t\t\t\t<h1 class=\"elementor-heading-title elementor-size-default\">Barrierefreiheitserkl\u00e4rung<\/h1>\t\t\t\t<\/div>\n\t\t\t\t<\/div>\n\t\t\t\t<div class=\"elementor-element elementor-element-4e70399e impressum elementor-widget elementor-widget-text-editor\" data-id=\"4e70399e\" data-element_type=\"widget\" data-e-type=\"widget\" data-widget_type=\"text-editor.default\">\n\t\t\t\t<div class=\"elementor-widget-container\">\n\t\t\t\t\t\t\t\t\t<p data-start=\"244\" data-end=\"278\"><strong data-start=\"244\" data-end=\"278\">Erkl\u00e4rung zur Barrierefreiheit<\/strong><\/p><p data-start=\"280\" data-end=\"498\">Das Landhaus Caf\u00e9 verpflichtet sich, seine Website im Einklang mit dem <strong data-start=\"350\" data-end=\"393\">Barrierefreiheitsst\u00e4rkungsgesetz (BFSG)<\/strong>\u00a0sowie der\u00a0<strong data-start=\"404\" data-end=\"463\">Barrierefreie-Informationstechnik-Verordnung (BITV) 2.0<\/strong>\u00a0barrierefrei zug\u00e4nglich zu machen.<\/p><p data-start=\"500\" data-end=\"549\"><strong>Stand der Vereinbarkeit mit den Anforderungen<\/strong><\/p><p data-start=\"550\" data-end=\"741\">Diese Website ist\u00a0<strong data-start=\"568\" data-end=\"581\">teilweise<\/strong>\u00a0mit den Anforderungen der\u00a0<strong data-start=\"608\" data-end=\"636\">EN 301 549 (WCAG 2.1 AA)<\/strong>\u00a0vereinbar. Wir arbeiten kontinuierlich daran, die Barrierefreiheit unserer Website weiter zu verbessern.<\/p><p data-start=\"743\" data-end=\"774\"><strong>Nicht barrierefreie Inhalte<\/strong><\/p><p data-start=\"775\" data-end=\"824\">Derzeit sind folgende Inhalte nicht barrierefrei:<\/p><p data-start=\"827\" data-end=\"872\">\u2013 Teilweise fehlende Alternativtexte f\u00fcr Bilder<\/p><p data-start=\"875\" data-end=\"944\">\u2013 Kontrastverh\u00e4ltnisse sind in einzelnen Bereichen noch nicht angepasst<\/p><p data-start=\"997\" data-end=\"1045\">\u2013 Eventuell fehlende ARIA-Labels bei Interaktionen<\/p><p data-start=\"1047\" data-end=\"1101\">\u2013 Wir sind bem\u00fcht, diese Punkte schrittweise anzupassen.<\/p><p data-start=\"1103\" data-end=\"1134\"><strong>Erstellung dieser Erkl\u00e4rung<\/strong><\/p><p data-start=\"1135\" data-end=\"1311\">Diese Erkl\u00e4rung wurde am\u00a0<strong data-start=\"1160\" data-end=\"1177\">27. November 2025<\/strong>\u00a0erstellt und zuletzt am\u00a0<strong data-start=\"1202\" data-end=\"1219\">27. November 2025<\/strong>\u00a0\u00fcberpr\u00fcft. Grundlage war eine Selbstbewertung durch interne Tests und automatisierte Tools.<\/p><p data-start=\"1313\" data-end=\"1337\"><strong>Feedback und Kontakt<\/strong><\/p><p data-start=\"1338\" data-end=\"1525\">Sollten Ihnen M\u00e4ngel in Bezug auf die barrierefreie Gestaltung unserer Website auffallen oder ben\u00f6tigen Sie Informationen in barrierefreier Form, k\u00f6nnen Sie sich jederzeit bei uns melden:<\/p><p data-start=\"1527\" data-end=\"1650\"><strong data-start=\"1527\" data-end=\"1539\">Kontakt:<\/strong><\/p><p>Landhaus Caf\u00e9, Restaurant &amp; Hotel Betriebsgesellschaft mbH<\/p><p class=\"p1\">Alexandra Steiner<br \/>Sauerlacher Str. 10<br \/>82515 Wolfratshausen<\/p><p>Tel: 0 81 71 \/ 21 65 70<br \/>Fax: 0 81 71 \/ 21 65 78<br \/>Mail: <a href=\"mailto:info@landhauscafe.com\">info@landhauscafe.com<\/a><\/p><p data-start=\"1652\" data-end=\"1724\">Wir bem\u00fchen uns, Ihre Anfrage innerhalb von\u00a0<strong data-start=\"1696\" data-end=\"1708\">14 Tagen<\/strong>\u00a0zu beantworten.<\/p><p data-start=\"1726\" data-end=\"1752\"><strong>Durchsetzungsverfahren<\/strong><\/p><p data-start=\"1753\" data-end=\"1952\">Falls wir Ihre Anfrage nicht innerhalb der in \u00a716 BayBGG vorgesehenen Frist beantworten, k\u00f6nnen Sie sich an die\u00a0<strong data-start=\"1865\" data-end=\"1944\">Durchsetzungs- und \u00dcberwachungsstelle f\u00fcr barrierefreie Informationstechnik<\/strong>\u00a0wenden:<\/p><p data-start=\"1954\" data-end=\"2192\"><strong data-start=\"1954\" data-end=\"2025\">Bayerisches Landesamt f\u00fcr Digitalisierung, Breitband und Vermessung<\/strong><br data-start=\"2025\" data-end=\"2028\" \/>IT-Dienstleistungszentrum des Freistaats Bayern \u2013 Durchsetzungsstelle<br data-start=\"2097\" data-end=\"2100\" \/>St.-Martin-Str. 47<br data-start=\"2118\" data-end=\"2121\" \/>81541 M\u00fcnchen<br data-start=\"2134\" data-end=\"2137\" \/>Mail:\u00a0<a class=\"cursor-pointer\" rel=\"noopener\" data-start=\"2145\" data-end=\"2167\">durchsetzung@bayern.de<\/a><br data-start=\"2167\" data-end=\"2170\" \/>Telefon: 089 2129-1111<\/p>\t\t\t\t\t\t\t\t<\/div>\n\t\t\t\t<\/div>\n\t\t\t\t\t<\/div>\n\t\t<\/div>\n\t\t\t\t\t<\/div>\n\t\t<\/section>\n\t\t\t\t<\/div>","protected":false},"excerpt":{"rendered":"<p>Barrierefreiheitserkl\u00e4rung Erkl\u00e4rung zur Barrierefreiheit Das Landhaus Caf\u00e9 verpflichtet sich, seine Website im Einklang mit dem Barrierefreiheitsst\u00e4rkungsgesetz (BFSG)\u00a0sowie der\u00a0Barrierefreie-Informationstechnik-Verordnung (BITV) 2.0\u00a0barrierefrei zug\u00e4nglich zu machen. Stand der Vereinbarkeit mit den Anforderungen Diese Website ist\u00a0teilweise\u00a0mit den Anforderungen der\u00a0EN 301 549 (WCAG 2.1 AA)\u00a0vereinbar. Wir arbeiten kontinuierlich daran, die Barrierefreiheit unserer Website weiter zu verbessern. Nicht barrierefreie Inhalte Derzeit [&hellip;]<\/p>\n","protected":false},"author":1,"featured_media":0,"parent":0,"menu_order":0,"comment_status":"closed","ping_status":"closed","template":"","meta":{"footnotes":""},"class_list":["post-2877","page","type-page","status-publish","hentry"],"yoast_head":"<!-- This site is optimized with the Yoast SEO plugin v27.4 - https:\/\/yoast.com\/product\/yoast-seo-wordpress\/ -->\n<title>Barrierefreiheitserkl\u00e4rung - Landhaus Caf\u00e9 und Restaurant<\/title>\n<meta name=\"robots\" content=\"index, follow, max-snippet:-1, max-image-preview:large, max-video-preview:-1\" \/>\n<link rel=\"canonical\" href=\"https:\/\/landhauscafe.com\/en\/barrierefreiheitserklaerung\/\" \/>\n<meta property=\"og:locale\" content=\"en_US\" \/>\n<meta property=\"og:type\" content=\"article\" \/>\n<meta property=\"og:title\" content=\"Barrierefreiheitserkl\u00e4rung - Landhaus Caf\u00e9 und Restaurant\" \/>\n<meta property=\"og:description\" content=\"Barrierefreiheitserkl\u00e4rung Erkl\u00e4rung zur Barrierefreiheit Das Landhaus Caf\u00e9 verpflichtet sich, seine Website im Einklang mit dem Barrierefreiheitsst\u00e4rkungsgesetz (BFSG)\u00a0sowie der\u00a0Barrierefreie-Informationstechnik-Verordnung (BITV) 2.0\u00a0barrierefrei zug\u00e4nglich zu machen. Stand der Vereinbarkeit mit den Anforderungen Diese Website ist\u00a0teilweise\u00a0mit den Anforderungen der\u00a0EN 301 549 (WCAG 2.1 AA)\u00a0vereinbar. Wir arbeiten kontinuierlich daran, die Barrierefreiheit unserer Website weiter zu verbessern. Nicht barrierefreie Inhalte Derzeit [&hellip;]\" \/>\n<meta property=\"og:url\" content=\"https:\/\/landhauscafe.com\/en\/barrierefreiheitserklaerung\/\" \/>\n<meta property=\"og:site_name\" content=\"Landhaus Caf\u00e9 und Restaurant\" \/>\n<meta property=\"article:modified_time\" content=\"2025-11-27T15:27:28+00:00\" \/>\n<meta name=\"twitter:card\" content=\"summary_large_image\" \/>\n<meta name=\"twitter:label1\" content=\"Est. reading time\" \/>\n\t<meta name=\"twitter:data1\" content=\"2 minutes\" \/>\n<script type=\"application\/ld+json\" class=\"yoast-schema-graph\">{\"@context\":\"https:\\\/\\\/schema.org\",\"@graph\":[{\"@type\":\"WebPage\",\"@id\":\"https:\\\/\\\/landhauscafe.com\\\/barrierefreiheitserklaerung\\\/\",\"url\":\"https:\\\/\\\/landhauscafe.com\\\/barrierefreiheitserklaerung\\\/\",\"name\":\"Barrierefreiheitserkl\u00e4rung - Landhaus Caf\u00e9 und Restaurant\",\"isPartOf\":{\"@id\":\"https:\\\/\\\/landhauscafe.com\\\/#website\"},\"datePublished\":\"2025-11-27T15:26:07+00:00\",\"dateModified\":\"2025-11-27T15:27:28+00:00\",\"breadcrumb\":{\"@id\":\"https:\\\/\\\/landhauscafe.com\\\/barrierefreiheitserklaerung\\\/#breadcrumb\"},\"inLanguage\":\"en-US\",\"potentialAction\":[{\"@type\":\"ReadAction\",\"target\":[\"https:\\\/\\\/landhauscafe.com\\\/barrierefreiheitserklaerung\\\/\"]}]},{\"@type\":\"BreadcrumbList\",\"@id\":\"https:\\\/\\\/landhauscafe.com\\\/barrierefreiheitserklaerung\\\/#breadcrumb\",\"itemListElement\":[{\"@type\":\"ListItem\",\"position\":1,\"name\":\"Startseite\",\"item\":\"https:\\\/\\\/landhauscafe.com\\\/\"},{\"@type\":\"ListItem\",\"position\":2,\"name\":\"Barrierefreiheitserkl\u00e4rung\"}]},{\"@type\":\"WebSite\",\"@id\":\"https:\\\/\\\/landhauscafe.com\\\/#website\",\"url\":\"https:\\\/\\\/landhauscafe.com\\\/\",\"name\":\"Landhaus Caf\u00e9 und Restaurant\",\"description\":\"Caf\u00e9 und Restaurant in Wolfratshausen\",\"publisher\":{\"@id\":\"https:\\\/\\\/landhauscafe.com\\\/#organization\"},\"potentialAction\":[{\"@type\":\"SearchAction\",\"target\":{\"@type\":\"EntryPoint\",\"urlTemplate\":\"https:\\\/\\\/landhauscafe.com\\\/?s={search_term_string}\"},\"query-input\":{\"@type\":\"PropertyValueSpecification\",\"valueRequired\":true,\"valueName\":\"search_term_string\"}}],\"inLanguage\":\"en-US\"},{\"@type\":\"Organization\",\"@id\":\"https:\\\/\\\/landhauscafe.com\\\/#organization\",\"name\":\"Landhaus Caf\u00e9 und Restaurant\",\"url\":\"https:\\\/\\\/landhauscafe.com\\\/\",\"logo\":{\"@type\":\"ImageObject\",\"inLanguage\":\"en-US\",\"@id\":\"https:\\\/\\\/landhauscafe.com\\\/#\\\/schema\\\/logo\\\/image\\\/\",\"url\":\"https:\\\/\\\/landhauscafe.com\\\/wp-content\\\/uploads\\\/unlimited_elements\\\/landhaus-logo.png\",\"contentUrl\":\"https:\\\/\\\/landhauscafe.com\\\/wp-content\\\/uploads\\\/unlimited_elements\\\/landhaus-logo.png\",\"width\":260,\"height\":100,\"caption\":\"Landhaus Caf\u00e9 und Restaurant\"},\"image\":{\"@id\":\"https:\\\/\\\/landhauscafe.com\\\/#\\\/schema\\\/logo\\\/image\\\/\"}}]}<\/script>\n<!-- \/ Yoast SEO plugin. -->","yoast_head_json":{"title":"Barrierefreiheitserkl\u00e4rung - Landhaus Caf\u00e9 und Restaurant","robots":{"index":"index","follow":"follow","max-snippet":"max-snippet:-1","max-image-preview":"max-image-preview:large","max-video-preview":"max-video-preview:-1"},"canonical":"https:\/\/landhauscafe.com\/en\/barrierefreiheitserklaerung\/","og_locale":"en_US","og_type":"article","og_title":"Barrierefreiheitserkl\u00e4rung - Landhaus Caf\u00e9 und Restaurant","og_description":"Barrierefreiheitserkl\u00e4rung Erkl\u00e4rung zur Barrierefreiheit Das Landhaus Caf\u00e9 verpflichtet sich, seine Website im Einklang mit dem Barrierefreiheitsst\u00e4rkungsgesetz (BFSG)\u00a0sowie der\u00a0Barrierefreie-Informationstechnik-Verordnung (BITV) 2.0\u00a0barrierefrei zug\u00e4nglich zu machen. Stand der Vereinbarkeit mit den Anforderungen Diese Website ist\u00a0teilweise\u00a0mit den Anforderungen der\u00a0EN 301 549 (WCAG 2.1 AA)\u00a0vereinbar. Wir arbeiten kontinuierlich daran, die Barrierefreiheit unserer Website weiter zu verbessern. Nicht barrierefreie Inhalte Derzeit [&hellip;]","og_url":"https:\/\/landhauscafe.com\/en\/barrierefreiheitserklaerung\/","og_site_name":"Landhaus Caf\u00e9 und Restaurant","article_modified_time":"2025-11-27T15:27:28+00:00","twitter_card":"summary_large_image","twitter_misc":{"Est. reading time":"2 minutes"},"schema":{"@context":"https:\/\/schema.org","@graph":[{"@type":"WebPage","@id":"https:\/\/landhauscafe.com\/barrierefreiheitserklaerung\/","url":"https:\/\/landhauscafe.com\/barrierefreiheitserklaerung\/","name":"Barrierefreiheitserkl\u00e4rung - Landhaus Caf\u00e9 und Restaurant","isPartOf":{"@id":"https:\/\/landhauscafe.com\/#website"},"datePublished":"2025-11-27T15:26:07+00:00","dateModified":"2025-11-27T15:27:28+00:00","breadcrumb":{"@id":"https:\/\/landhauscafe.com\/barrierefreiheitserklaerung\/#breadcrumb"},"inLanguage":"en-US","potentialAction":[{"@type":"ReadAction","target":["https:\/\/landhauscafe.com\/barrierefreiheitserklaerung\/"]}]},{"@type":"BreadcrumbList","@id":"https:\/\/landhauscafe.com\/barrierefreiheitserklaerung\/#breadcrumb","itemListElement":[{"@type":"ListItem","position":1,"name":"Startseite","item":"https:\/\/landhauscafe.com\/"},{"@type":"ListItem","position":2,"name":"Barrierefreiheitserkl\u00e4rung"}]},{"@type":"WebSite","@id":"https:\/\/landhauscafe.com\/#website","url":"https:\/\/landhauscafe.com\/","name":"Landhaus Caf\u00e9 und Restaurant","description":"Caf\u00e9 und Restaurant in Wolfratshausen","publisher":{"@id":"https:\/\/landhauscafe.com\/#organization"},"potentialAction":[{"@type":"SearchAction","target":{"@type":"EntryPoint","urlTemplate":"https:\/\/landhauscafe.com\/?s={search_term_string}"},"query-input":{"@type":"PropertyValueSpecification","valueRequired":true,"valueName":"search_term_string"}}],"inLanguage":"en-US"},{"@type":"Organization","@id":"https:\/\/landhauscafe.com\/#organization","name":"Landhaus Caf\u00e9 und Restaurant","url":"https:\/\/landhauscafe.com\/","logo":{"@type":"ImageObject","inLanguage":"en-US","@id":"https:\/\/landhauscafe.com\/#\/schema\/logo\/image\/","url":"https:\/\/landhauscafe.com\/wp-content\/uploads\/unlimited_elements\/landhaus-logo.png","contentUrl":"https:\/\/landhauscafe.com\/wp-content\/uploads\/unlimited_elements\/landhaus-logo.png","width":260,"height":100,"caption":"Landhaus Caf\u00e9 und Restaurant"},"image":{"@id":"https:\/\/landhauscafe.com\/#\/schema\/logo\/image\/"}}]}},"_links":{"self":[{"href":"https:\/\/landhauscafe.com\/en\/wp-json\/wp\/v2\/pages\/2877","targetHints":{"allow":["GET"]}}],"collection":[{"href":"https:\/\/landhauscafe.com\/en\/wp-json\/wp\/v2\/pages"}],"about":[{"href":"https:\/\/landhauscafe.com\/en\/wp-json\/wp\/v2\/types\/page"}],"author":[{"embeddable":true,"href":"https:\/\/landhauscafe.com\/en\/wp-json\/wp\/v2\/users\/1"}],"replies":[{"embeddable":true,"href":"https:\/\/landhauscafe.com\/en\/wp-json\/wp\/v2\/comments?post=2877"}],"version-history":[{"count":7,"href":"https:\/\/landhauscafe.com\/en\/wp-json\/wp\/v2\/pages\/2877\/revisions"}],"predecessor-version":[{"id":2887,"href":"https:\/\/landhauscafe.com\/en\/wp-json\/wp\/v2\/pages\/2877\/revisions\/2887"}],"wp:attachment":[{"href":"https:\/\/landhauscafe.com\/en\/wp-json\/wp\/v2\/media?parent=2877"}],"curies":[{"name":"wp","href":"https:\/\/api.w.org\/{rel}","templated":true}]}}